{"id":678,"date":"2022-04-02T08:49:22","date_gmt":"2022-04-02T08:49:22","guid":{"rendered":"https:\/\/www.zweite-aufklaerung.at\/?page_id=678"},"modified":"2022-04-02T08:49:27","modified_gmt":"2022-04-02T08:49:27","slug":"vielfalt","status":"publish","type":"page","link":"https:\/\/www.zweite-aufklaerung.at\/?page_id=678","title":{"rendered":"Vielfalt"},"content":{"rendered":"\t\t<div data-elementor-type=\"wp-page\" data-elementor-id=\"678\" class=\"elementor elementor-678\" data-elementor-post-type=\"page\">\n\t\t\t\t\t\t<section class=\"elementor-section elementor-top-section elementor-element elementor-element-18f3a4d5 elementor-section-height-min-height elementor-section-boxed elementor-section-height-default elementor-section-items-middle\" data-id=\"18f3a4d5\" data-element_type=\"section\" data-e-type=\"section\" data-settings=\"{&quot;background_background&quot;:&quot;classic&quot;}\">\n\t\t\t\t\t\t<div class=\"elementor-container elementor-column-gap-default\">\n\t\t\t\t\t<div class=\"elementor-column elementor-col-100 elementor-top-column elementor-element elementor-element-7dc73fc0\" data-id=\"7dc73fc0\" data-element_type=\"column\" data-e-type=\"column\">\n\t\t\t<div class=\"elementor-widget-wrap elementor-element-populated\">\n\t\t\t\t\t\t<div class=\"elementor-element elementor-element-3cbd3ac elementor-widget elementor-widget-text-editor\" data-id=\"3cbd3ac\" data-element_type=\"widget\" data-e-type=\"widget\" data-widget_type=\"text-editor.default\">\n\t\t\t\t<div class=\"elementor-widget-container\">\n\t\t\t\t\t\t\t\t\t<p>Unser Workshop zu<\/p>\t\t\t\t\t\t\t\t<\/div>\n\t\t\t\t<\/div>\n\t\t\t\t<div class=\"elementor-element elementor-element-16b82d19 elementor-widget elementor-widget-heading\" data-id=\"16b82d19\" data-element_type=\"widget\" data-e-type=\"widget\" data-settings=\"{&quot;_animation&quot;:&quot;none&quot;}\" data-widget_type=\"heading.default\">\n\t\t\t\t<div class=\"elementor-widget-container\">\n\t\t\t\t\t<h1 class=\"elementor-heading-title elementor-size-default\">Vielfalt<\/h1>\t\t\t\t<\/div>\n\t\t\t\t<\/div>\n\t\t\t\t<div class=\"elementor-element elementor-element-3b89f3a3 elementor-widget elementor-widget-text-editor\" data-id=\"3b89f3a3\" data-element_type=\"widget\" data-e-type=\"widget\" data-widget_type=\"text-editor.default\">\n\t\t\t\t<div class=\"elementor-widget-container\">\n\t\t\t\t\t\t\t\t\tIn diesem Workshop besprechen wir unterschiedliche Begriffe und dahinterstehende Lebensweisen und Diskriminierungsstrukturen. Wir fragen uns beispielsweise: Was ist der Unterschied zwischen sexueller und romantischer Orientierung? Gibt es eine Verbindung zwischen Begehren und Geschlechtsidentit\u00e4t? Was bedeutet cis? Sind alle nicht-bin\u00e4re Personen trans? Ist inter* eine Bezeichnung f\u00fcr Gender? Wie stehen Identit\u00e4t und Ausdruck in Verbindung? Und wie kann ich diskriminierungsarm Sprechen und Handeln?<br><br>\/\/ Was?<br>Ein diskriminierungskritischer Workshop (ca. 3 Stunden) zum Thema geschlechtliche und sexuelle Vielfalt. Der Workshop ist ein Raum f\u00fcr Information, Fragen und Austausch. Es wird Input, Diskussion und Selbstreflexion geben. Optional gibt es einen Praxistransfer f\u00fcr unterschiedliche Arbeitskontexte (z.B. Sexualp\u00e4dagogik, Therapie, medizinische Felder, Schule, Jugendarbeit), falls sich der Workshop an (angehende) Fachkr\u00e4fte wendet. Der Workshop ist interaktiv gestaltet, Mitmachen ist jederzeit freiwillig.<br><br>\/\/ F\u00fcr wen?<br>Alle, die Interesse habe\t\t\t\t\t\t\t\t<\/div>\n\t\t\t\t<\/div>\n\t\t\t\t\t<\/div>\n\t\t<\/div>\n\t\t\t\t\t<\/div>\n\t\t<\/section>\n\t\t\t\t<\/div>\n\t\t","protected":false},"excerpt":{"rendered":"<p>Unser Workshop zu Vielfalt In diesem Workshop besprechen wir unterschiedliche Begriffe und dahinterstehende Lebensweisen und Diskriminierungsstrukturen. Wir fragen uns beispielsweise: Was ist der Unterschied zwischen sexueller und romantischer Orientierung? Gibt es eine Verbindung zwischen Begehren und Geschlechtsidentit\u00e4t? Was bedeutet cis? Sind alle nicht-bin\u00e4re Personen trans? Ist inter* eine Bezeichnung f\u00fcr Gender? Wie stehen Identit\u00e4t und [&hellip;]<\/p>\n","protected":false},"author":1,"featured_media":0,"parent":0,"menu_order":0,"comment_status":"closed","ping_status":"closed","template":"elementor_header_footer","meta":{"_mo_disable_npp":"","footnotes":""},"class_list":["post-678","page","type-page","status-publish","hentry"],"yoast_head":"<!-- This site is optimized with the Yoast SEO plugin v26.8 - https:\/\/yoast.com\/product\/yoast-seo-wordpress\/ -->\n<title>Vielfalt - zweite aufkl\u00e4rung<\/title>\n<meta name=\"robots\" content=\"index, follow, max-snippet:-1, max-image-preview:large, max-video-preview:-1\" \/>\n<link rel=\"canonical\" href=\"https:\/\/www.zweite-aufklaerung.at\/?page_id=678\" \/>\n<meta property=\"og:locale\" content=\"en_US\" \/>\n<meta property=\"og:type\" content=\"article\" \/>\n<meta property=\"og:title\" content=\"Vielfalt - zweite aufkl\u00e4rung\" \/>\n<meta property=\"og:description\" content=\"Unser Workshop zu Vielfalt In diesem Workshop besprechen wir unterschiedliche Begriffe und dahinterstehende Lebensweisen und Diskriminierungsstrukturen. Wir fragen uns beispielsweise: Was ist der Unterschied zwischen sexueller und romantischer Orientierung? Gibt es eine Verbindung zwischen Begehren und Geschlechtsidentit\u00e4t? Was bedeutet cis? Sind alle nicht-bin\u00e4re Personen trans? Ist inter* eine Bezeichnung f\u00fcr Gender? Wie stehen Identit\u00e4t und [&hellip;]\" \/>\n<meta property=\"og:url\" content=\"https:\/\/www.zweite-aufklaerung.at\/?page_id=678\" \/>\n<meta property=\"og:site_name\" content=\"zweite aufkl\u00e4rung\" \/>\n<meta property=\"article:publisher\" content=\"https:\/\/www.facebook.com\/zweite.aufklarung\" \/>\n<meta property=\"article:modified_time\" content=\"2022-04-02T08:49:27+00:00\" \/>\n<meta property=\"og:image\" content=\"https:\/\/www.zweite-aufklaerung.at\/wp-content\/uploads\/2021\/03\/57398589_407999263358482_5793917810086248448_o.jpg\" \/>\n\t<meta property=\"og:image:width\" content=\"1485\" \/>\n\t<meta property=\"og:image:height\" content=\"1505\" \/>\n\t<meta property=\"og:image:type\" content=\"image\/jpeg\" \/>\n<meta name=\"twitter:card\" content=\"summary_large_image\" \/>\n<meta name=\"twitter:label1\" content=\"Est. reading time\" \/>\n\t<meta name=\"twitter:data1\" content=\"1 minute\" \/>\n<script type=\"application\/ld+json\" class=\"yoast-schema-graph\">{\"@context\":\"https:\/\/schema.org\",\"@graph\":[{\"@type\":\"WebPage\",\"@id\":\"https:\/\/www.zweite-aufklaerung.at\/?page_id=678\",\"url\":\"https:\/\/www.zweite-aufklaerung.at\/?page_id=678\",\"name\":\"Vielfalt - zweite aufkl\u00e4rung\",\"isPartOf\":{\"@id\":\"https:\/\/www.zweite-aufklaerung.at\/#website\"},\"datePublished\":\"2022-04-02T08:49:22+00:00\",\"dateModified\":\"2022-04-02T08:49:27+00:00\",\"breadcrumb\":{\"@id\":\"https:\/\/www.zweite-aufklaerung.at\/?page_id=678#breadcrumb\"},\"inLanguage\":\"en-US\",\"potentialAction\":[{\"@type\":\"ReadAction\",\"target\":[\"https:\/\/www.zweite-aufklaerung.at\/?page_id=678\"]}]},{\"@type\":\"BreadcrumbList\",\"@id\":\"https:\/\/www.zweite-aufklaerung.at\/?page_id=678#breadcrumb\",\"itemListElement\":[{\"@type\":\"ListItem\",\"position\":1,\"name\":\"Home\",\"item\":\"https:\/\/www.zweite-aufklaerung.at\/\"},{\"@type\":\"ListItem\",\"position\":2,\"name\":\"Vielfalt\"}]},{\"@type\":\"WebSite\",\"@id\":\"https:\/\/www.zweite-aufklaerung.at\/#website\",\"url\":\"https:\/\/www.zweite-aufklaerung.at\/\",\"name\":\"zweite aufkl\u00e4rung\",\"description\":\"Verein f\u00fcr sexuelle Bildung\",\"publisher\":{\"@id\":\"https:\/\/www.zweite-aufklaerung.at\/#organization\"},\"potentialAction\":[{\"@type\":\"SearchAction\",\"target\":{\"@type\":\"EntryPoint\",\"urlTemplate\":\"https:\/\/www.zweite-aufklaerung.at\/?s={search_term_string}\"},\"query-input\":{\"@type\":\"PropertyValueSpecification\",\"valueRequired\":true,\"valueName\":\"search_term_string\"}}],\"inLanguage\":\"en-US\"},{\"@type\":\"Organization\",\"@id\":\"https:\/\/www.zweite-aufklaerung.at\/#organization\",\"name\":\"Die Zweite Aufkl\u00e4rung\",\"url\":\"https:\/\/www.zweite-aufklaerung.at\/\",\"logo\":{\"@type\":\"ImageObject\",\"inLanguage\":\"en-US\",\"@id\":\"https:\/\/www.zweite-aufklaerung.at\/#\/schema\/logo\/image\/\",\"url\":\"https:\/\/www.zweite-aufklaerung.at\/wp-content\/uploads\/2021\/03\/57398589_407999263358482_5793917810086248448_o.jpg\",\"contentUrl\":\"https:\/\/www.zweite-aufklaerung.at\/wp-content\/uploads\/2021\/03\/57398589_407999263358482_5793917810086248448_o.jpg\",\"width\":1485,\"height\":1505,\"caption\":\"Die Zweite Aufkl\u00e4rung\"},\"image\":{\"@id\":\"https:\/\/www.zweite-aufklaerung.at\/#\/schema\/logo\/image\/\"},\"sameAs\":[\"https:\/\/www.facebook.com\/zweite.aufklarung\"]}]}<\/script>\n<!-- \/ Yoast SEO plugin. -->","yoast_head_json":{"title":"Vielfalt - zweite aufkl\u00e4rung","robots":{"index":"index","follow":"follow","max-snippet":"max-snippet:-1","max-image-preview":"max-image-preview:large","max-video-preview":"max-video-preview:-1"},"canonical":"https:\/\/www.zweite-aufklaerung.at\/?page_id=678","og_locale":"en_US","og_type":"article","og_title":"Vielfalt - zweite aufkl\u00e4rung","og_description":"Unser Workshop zu Vielfalt In diesem Workshop besprechen wir unterschiedliche Begriffe und dahinterstehende Lebensweisen und Diskriminierungsstrukturen. Wir fragen uns beispielsweise: Was ist der Unterschied zwischen sexueller und romantischer Orientierung? Gibt es eine Verbindung zwischen Begehren und Geschlechtsidentit\u00e4t? Was bedeutet cis? Sind alle nicht-bin\u00e4re Personen trans? Ist inter* eine Bezeichnung f\u00fcr Gender? Wie stehen Identit\u00e4t und [&hellip;]","og_url":"https:\/\/www.zweite-aufklaerung.at\/?page_id=678","og_site_name":"zweite aufkl\u00e4rung","article_publisher":"https:\/\/www.facebook.com\/zweite.aufklarung","article_modified_time":"2022-04-02T08:49:27+00:00","og_image":[{"width":1485,"height":1505,"url":"https:\/\/www.zweite-aufklaerung.at\/wp-content\/uploads\/2021\/03\/57398589_407999263358482_5793917810086248448_o.jpg","type":"image\/jpeg"}],"twitter_card":"summary_large_image","twitter_misc":{"Est. reading time":"1 minute"},"schema":{"@context":"https:\/\/schema.org","@graph":[{"@type":"WebPage","@id":"https:\/\/www.zweite-aufklaerung.at\/?page_id=678","url":"https:\/\/www.zweite-aufklaerung.at\/?page_id=678","name":"Vielfalt - zweite aufkl\u00e4rung","isPartOf":{"@id":"https:\/\/www.zweite-aufklaerung.at\/#website"},"datePublished":"2022-04-02T08:49:22+00:00","dateModified":"2022-04-02T08:49:27+00:00","breadcrumb":{"@id":"https:\/\/www.zweite-aufklaerung.at\/?page_id=678#breadcrumb"},"inLanguage":"en-US","potentialAction":[{"@type":"ReadAction","target":["https:\/\/www.zweite-aufklaerung.at\/?page_id=678"]}]},{"@type":"BreadcrumbList","@id":"https:\/\/www.zweite-aufklaerung.at\/?page_id=678#breadcrumb","itemListElement":[{"@type":"ListItem","position":1,"name":"Home","item":"https:\/\/www.zweite-aufklaerung.at\/"},{"@type":"ListItem","position":2,"name":"Vielfalt"}]},{"@type":"WebSite","@id":"https:\/\/www.zweite-aufklaerung.at\/#website","url":"https:\/\/www.zweite-aufklaerung.at\/","name":"zweite aufkl\u00e4rung","description":"Verein f\u00fcr sexuelle Bildung","publisher":{"@id":"https:\/\/www.zweite-aufklaerung.at\/#organization"},"potentialAction":[{"@type":"SearchAction","target":{"@type":"EntryPoint","urlTemplate":"https:\/\/www.zweite-aufklaerung.at\/?s={search_term_string}"},"query-input":{"@type":"PropertyValueSpecification","valueRequired":true,"valueName":"search_term_string"}}],"inLanguage":"en-US"},{"@type":"Organization","@id":"https:\/\/www.zweite-aufklaerung.at\/#organization","name":"Die Zweite Aufkl\u00e4rung","url":"https:\/\/www.zweite-aufklaerung.at\/","logo":{"@type":"ImageObject","inLanguage":"en-US","@id":"https:\/\/www.zweite-aufklaerung.at\/#\/schema\/logo\/image\/","url":"https:\/\/www.zweite-aufklaerung.at\/wp-content\/uploads\/2021\/03\/57398589_407999263358482_5793917810086248448_o.jpg","contentUrl":"https:\/\/www.zweite-aufklaerung.at\/wp-content\/uploads\/2021\/03\/57398589_407999263358482_5793917810086248448_o.jpg","width":1485,"height":1505,"caption":"Die Zweite Aufkl\u00e4rung"},"image":{"@id":"https:\/\/www.zweite-aufklaerung.at\/#\/schema\/logo\/image\/"},"sameAs":["https:\/\/www.facebook.com\/zweite.aufklarung"]}]}},"_links":{"self":[{"href":"https:\/\/www.zweite-aufklaerung.at\/index.php?rest_route=\/wp\/v2\/pages\/678","targetHints":{"allow":["GET"]}}],"collection":[{"href":"https:\/\/www.zweite-aufklaerung.at\/index.php?rest_route=\/wp\/v2\/pages"}],"about":[{"href":"https:\/\/www.zweite-aufklaerung.at\/index.php?rest_route=\/wp\/v2\/types\/page"}],"author":[{"embeddable":true,"href":"https:\/\/www.zweite-aufklaerung.at\/index.php?rest_route=\/wp\/v2\/users\/1"}],"replies":[{"embeddable":true,"href":"https:\/\/www.zweite-aufklaerung.at\/index.php?rest_route=%2Fwp%2Fv2%2Fcomments&post=678"}],"version-history":[{"count":5,"href":"https:\/\/www.zweite-aufklaerung.at\/index.php?rest_route=\/wp\/v2\/pages\/678\/revisions"}],"predecessor-version":[{"id":684,"href":"https:\/\/www.zweite-aufklaerung.at\/index.php?rest_route=\/wp\/v2\/pages\/678\/revisions\/684"}],"wp:attachment":[{"href":"https:\/\/www.zweite-aufklaerung.at\/index.php?rest_route=%2Fwp%2Fv2%2Fmedia&parent=678"}],"curies":[{"name":"wp","href":"https:\/\/api.w.org\/{rel}","templated":true}]}}