{"id":494,"date":"2022-02-11T16:11:42","date_gmt":"2022-02-11T16:11:42","guid":{"rendered":"https:\/\/www.zweite-aufklaerung.at\/?page_id=494"},"modified":"2022-02-17T13:44:09","modified_gmt":"2022-02-17T13:44:09","slug":"thermische-verhutung","status":"publish","type":"page","link":"https:\/\/www.zweite-aufklaerung.at\/?page_id=494","title":{"rendered":"Thermische Verh\u00fctung"},"content":{"rendered":"\t\t<div data-elementor-type=\"wp-page\" data-elementor-id=\"494\" class=\"elementor elementor-494\" data-elementor-post-type=\"page\">\n\t\t\t\t\t\t<section class=\"elementor-section elementor-top-section elementor-element elementor-element-6dfaed4 elementor-section-height-min-height elementor-section-boxed elementor-section-height-default elementor-section-items-middle\" data-id=\"6dfaed4\" data-element_type=\"section\" data-e-type=\"section\" data-settings=\"{&quot;background_background&quot;:&quot;classic&quot;}\">\n\t\t\t\t\t\t<div class=\"elementor-container elementor-column-gap-default\">\n\t\t\t\t\t<div class=\"elementor-column elementor-col-100 elementor-top-column elementor-element elementor-element-5c2579c8\" data-id=\"5c2579c8\" data-element_type=\"column\" data-e-type=\"column\">\n\t\t\t<div class=\"elementor-widget-wrap elementor-element-populated\">\n\t\t\t\t\t\t<div class=\"elementor-element elementor-element-5c54a886 elementor-widget elementor-widget-text-editor\" data-id=\"5c54a886\" data-element_type=\"widget\" data-e-type=\"widget\" data-widget_type=\"text-editor.default\">\n\t\t\t\t<div class=\"elementor-widget-container\">\n\t\t\t\t\t\t\t\t\t<p>Unser Workshop zu<\/p>\t\t\t\t\t\t\t\t<\/div>\n\t\t\t\t<\/div>\n\t\t\t\t<div class=\"elementor-element elementor-element-3aec2b1b elementor-widget elementor-widget-heading\" data-id=\"3aec2b1b\" data-element_type=\"widget\" data-e-type=\"widget\" data-settings=\"{&quot;_animation&quot;:&quot;none&quot;}\" data-widget_type=\"heading.default\">\n\t\t\t\t<div class=\"elementor-widget-container\">\n\t\t\t\t\t<h1 class=\"elementor-heading-title elementor-size-default\">Thermische Verh\u00fctung<\/h1>\t\t\t\t<\/div>\n\t\t\t\t<\/div>\n\t\t\t\t<div class=\"elementor-element elementor-element-24235457 elementor-widget elementor-widget-text-editor\" data-id=\"24235457\" data-element_type=\"widget\" data-e-type=\"widget\" data-widget_type=\"text-editor.default\">\n\t\t\t\t<div class=\"elementor-widget-container\">\n\t\t\t\t\t\t\t\t\t<div class=\"o9v6fnle cxmmr5t8 oygrvhab hcukyx3x c1et5uql\">\n<p>In diesem Workshop stellen wir uns Fragen rund um Verh\u00fctung. Welche Verh\u00fctungsmethoden kennen wir? Welche nicht? Wir reden dar\u00fcber, warum es so viele Verh\u00fctungsmethoden f\u00fcr Menschen die Schwanger werden k\u00f6nnen gibt und so wenige f\u00fcr Menschen mit Spermien. Wir reden \u00fcber Verantwortung und Zust\u00e4ndigkeit und stellen zwei Varianten der thermischen Verh\u00fctung vor. Eine Verh\u00fctungsmethode mit der Menschen mit Spermien verh\u00fcten k\u00f6nnen.<\/p>\n<\/div>\n\n<div class=\"o9v6fnle cxmmr5t8 oygrvhab hcukyx3x c1et5uql\">\/\/ Was?<\/div>\n<div class=\"o9v6fnle cxmmr5t8 oygrvhab hcukyx3x c1et5uql\">Ein sexualp\u00e4dagogischer Workshop (ca. 2,5 Stunden) zu den Themen Thermische Verh\u00fctung und Verh\u00fctung f\u00fcr Menschen mit Sperma. Neben Input und Diskussion gibt es Zeit zur Selbstreflexion. Der Workshop ist interaktiv gestaltet, Mitmachen ist jederzeit freiwillig!<\/div>\n<div>&nbsp;<\/div>\n<div class=\"o9v6fnle cxmmr5t8 oygrvhab hcukyx3x c1et5uql\">\/\/ F\u00fcr wen?<br>Alle, die Interesse haben.<\/div>\t\t\t\t\t\t\t\t<\/div>\n\t\t\t\t<\/div>\n\t\t\t\t\t<\/div>\n\t\t<\/div>\n\t\t\t\t\t<\/div>\n\t\t<\/section>\n\t\t\t\t<\/div>\n\t\t","protected":false},"excerpt":{"rendered":"<p>Unser Workshop zu Thermische Verh\u00fctung In diesem Workshop stellen wir uns Fragen rund um Verh\u00fctung. Welche Verh\u00fctungsmethoden kennen wir? Welche nicht? Wir reden dar\u00fcber, warum es so viele Verh\u00fctungsmethoden f\u00fcr Menschen die Schwanger werden k\u00f6nnen gibt und so wenige f\u00fcr Menschen mit Spermien. Wir reden \u00fcber Verantwortung und Zust\u00e4ndigkeit und stellen zwei Varianten der thermischen [&hellip;]<\/p>\n","protected":false},"author":1,"featured_media":0,"parent":0,"menu_order":0,"comment_status":"closed","ping_status":"closed","template":"elementor_header_footer","meta":{"_mo_disable_npp":"","footnotes":""},"class_list":["post-494","page","type-page","status-publish","hentry"],"yoast_head":"<!-- This site is optimized with the Yoast SEO plugin v26.8 - https:\/\/yoast.com\/product\/yoast-seo-wordpress\/ -->\n<title>Thermische Verh\u00fctung - zweite aufkl\u00e4rung<\/title>\n<meta name=\"robots\" content=\"index, follow, max-snippet:-1, max-image-preview:large, max-video-preview:-1\" \/>\n<link rel=\"canonical\" href=\"https:\/\/www.zweite-aufklaerung.at\/?page_id=494\" \/>\n<meta property=\"og:locale\" content=\"en_US\" \/>\n<meta property=\"og:type\" content=\"article\" \/>\n<meta property=\"og:title\" content=\"Thermische Verh\u00fctung - zweite aufkl\u00e4rung\" \/>\n<meta property=\"og:description\" content=\"Unser Workshop zu Thermische Verh\u00fctung In diesem Workshop stellen wir uns Fragen rund um Verh\u00fctung. Welche Verh\u00fctungsmethoden kennen wir? Welche nicht? Wir reden dar\u00fcber, warum es so viele Verh\u00fctungsmethoden f\u00fcr Menschen die Schwanger werden k\u00f6nnen gibt und so wenige f\u00fcr Menschen mit Spermien. Wir reden \u00fcber Verantwortung und Zust\u00e4ndigkeit und stellen zwei Varianten der thermischen [&hellip;]\" \/>\n<meta property=\"og:url\" content=\"https:\/\/www.zweite-aufklaerung.at\/?page_id=494\" \/>\n<meta property=\"og:site_name\" content=\"zweite aufkl\u00e4rung\" \/>\n<meta property=\"article:publisher\" content=\"https:\/\/www.facebook.com\/zweite.aufklarung\" \/>\n<meta property=\"article:modified_time\" content=\"2022-02-17T13:44:09+00:00\" \/>\n<meta property=\"og:image\" content=\"https:\/\/www.zweite-aufklaerung.at\/wp-content\/uploads\/2021\/03\/57398589_407999263358482_5793917810086248448_o.jpg\" \/>\n\t<meta property=\"og:image:width\" content=\"1485\" \/>\n\t<meta property=\"og:image:height\" content=\"1505\" \/>\n\t<meta property=\"og:image:type\" content=\"image\/jpeg\" \/>\n<meta name=\"twitter:card\" content=\"summary_large_image\" \/>\n<meta name=\"twitter:label1\" content=\"Est. reading time\" \/>\n\t<meta name=\"twitter:data1\" content=\"1 minute\" \/>\n<script type=\"application\/ld+json\" class=\"yoast-schema-graph\">{\"@context\":\"https:\/\/schema.org\",\"@graph\":[{\"@type\":\"WebPage\",\"@id\":\"https:\/\/www.zweite-aufklaerung.at\/?page_id=494\",\"url\":\"https:\/\/www.zweite-aufklaerung.at\/?page_id=494\",\"name\":\"Thermische Verh\u00fctung - zweite aufkl\u00e4rung\",\"isPartOf\":{\"@id\":\"https:\/\/www.zweite-aufklaerung.at\/#website\"},\"datePublished\":\"2022-02-11T16:11:42+00:00\",\"dateModified\":\"2022-02-17T13:44:09+00:00\",\"breadcrumb\":{\"@id\":\"https:\/\/www.zweite-aufklaerung.at\/?page_id=494#breadcrumb\"},\"inLanguage\":\"en-US\",\"potentialAction\":[{\"@type\":\"ReadAction\",\"target\":[\"https:\/\/www.zweite-aufklaerung.at\/?page_id=494\"]}]},{\"@type\":\"BreadcrumbList\",\"@id\":\"https:\/\/www.zweite-aufklaerung.at\/?page_id=494#breadcrumb\",\"itemListElement\":[{\"@type\":\"ListItem\",\"position\":1,\"name\":\"Home\",\"item\":\"https:\/\/www.zweite-aufklaerung.at\/\"},{\"@type\":\"ListItem\",\"position\":2,\"name\":\"Thermische Verh\u00fctung\"}]},{\"@type\":\"WebSite\",\"@id\":\"https:\/\/www.zweite-aufklaerung.at\/#website\",\"url\":\"https:\/\/www.zweite-aufklaerung.at\/\",\"name\":\"zweite aufkl\u00e4rung\",\"description\":\"Verein f\u00fcr sexuelle Bildung\",\"publisher\":{\"@id\":\"https:\/\/www.zweite-aufklaerung.at\/#organization\"},\"potentialAction\":[{\"@type\":\"SearchAction\",\"target\":{\"@type\":\"EntryPoint\",\"urlTemplate\":\"https:\/\/www.zweite-aufklaerung.at\/?s={search_term_string}\"},\"query-input\":{\"@type\":\"PropertyValueSpecification\",\"valueRequired\":true,\"valueName\":\"search_term_string\"}}],\"inLanguage\":\"en-US\"},{\"@type\":\"Organization\",\"@id\":\"https:\/\/www.zweite-aufklaerung.at\/#organization\",\"name\":\"Die Zweite Aufkl\u00e4rung\",\"url\":\"https:\/\/www.zweite-aufklaerung.at\/\",\"logo\":{\"@type\":\"ImageObject\",\"inLanguage\":\"en-US\",\"@id\":\"https:\/\/www.zweite-aufklaerung.at\/#\/schema\/logo\/image\/\",\"url\":\"https:\/\/www.zweite-aufklaerung.at\/wp-content\/uploads\/2021\/03\/57398589_407999263358482_5793917810086248448_o.jpg\",\"contentUrl\":\"https:\/\/www.zweite-aufklaerung.at\/wp-content\/uploads\/2021\/03\/57398589_407999263358482_5793917810086248448_o.jpg\",\"width\":1485,\"height\":1505,\"caption\":\"Die Zweite Aufkl\u00e4rung\"},\"image\":{\"@id\":\"https:\/\/www.zweite-aufklaerung.at\/#\/schema\/logo\/image\/\"},\"sameAs\":[\"https:\/\/www.facebook.com\/zweite.aufklarung\"]}]}<\/script>\n<!-- \/ Yoast SEO plugin. -->","yoast_head_json":{"title":"Thermische Verh\u00fctung - zweite aufkl\u00e4rung","robots":{"index":"index","follow":"follow","max-snippet":"max-snippet:-1","max-image-preview":"max-image-preview:large","max-video-preview":"max-video-preview:-1"},"canonical":"https:\/\/www.zweite-aufklaerung.at\/?page_id=494","og_locale":"en_US","og_type":"article","og_title":"Thermische Verh\u00fctung - zweite aufkl\u00e4rung","og_description":"Unser Workshop zu Thermische Verh\u00fctung In diesem Workshop stellen wir uns Fragen rund um Verh\u00fctung. Welche Verh\u00fctungsmethoden kennen wir? Welche nicht? Wir reden dar\u00fcber, warum es so viele Verh\u00fctungsmethoden f\u00fcr Menschen die Schwanger werden k\u00f6nnen gibt und so wenige f\u00fcr Menschen mit Spermien. Wir reden \u00fcber Verantwortung und Zust\u00e4ndigkeit und stellen zwei Varianten der thermischen [&hellip;]","og_url":"https:\/\/www.zweite-aufklaerung.at\/?page_id=494","og_site_name":"zweite aufkl\u00e4rung","article_publisher":"https:\/\/www.facebook.com\/zweite.aufklarung","article_modified_time":"2022-02-17T13:44:09+00:00","og_image":[{"width":1485,"height":1505,"url":"https:\/\/www.zweite-aufklaerung.at\/wp-content\/uploads\/2021\/03\/57398589_407999263358482_5793917810086248448_o.jpg","type":"image\/jpeg"}],"twitter_card":"summary_large_image","twitter_misc":{"Est. reading time":"1 minute"},"schema":{"@context":"https:\/\/schema.org","@graph":[{"@type":"WebPage","@id":"https:\/\/www.zweite-aufklaerung.at\/?page_id=494","url":"https:\/\/www.zweite-aufklaerung.at\/?page_id=494","name":"Thermische Verh\u00fctung - zweite aufkl\u00e4rung","isPartOf":{"@id":"https:\/\/www.zweite-aufklaerung.at\/#website"},"datePublished":"2022-02-11T16:11:42+00:00","dateModified":"2022-02-17T13:44:09+00:00","breadcrumb":{"@id":"https:\/\/www.zweite-aufklaerung.at\/?page_id=494#breadcrumb"},"inLanguage":"en-US","potentialAction":[{"@type":"ReadAction","target":["https:\/\/www.zweite-aufklaerung.at\/?page_id=494"]}]},{"@type":"BreadcrumbList","@id":"https:\/\/www.zweite-aufklaerung.at\/?page_id=494#breadcrumb","itemListElement":[{"@type":"ListItem","position":1,"name":"Home","item":"https:\/\/www.zweite-aufklaerung.at\/"},{"@type":"ListItem","position":2,"name":"Thermische Verh\u00fctung"}]},{"@type":"WebSite","@id":"https:\/\/www.zweite-aufklaerung.at\/#website","url":"https:\/\/www.zweite-aufklaerung.at\/","name":"zweite aufkl\u00e4rung","description":"Verein f\u00fcr sexuelle Bildung","publisher":{"@id":"https:\/\/www.zweite-aufklaerung.at\/#organization"},"potentialAction":[{"@type":"SearchAction","target":{"@type":"EntryPoint","urlTemplate":"https:\/\/www.zweite-aufklaerung.at\/?s={search_term_string}"},"query-input":{"@type":"PropertyValueSpecification","valueRequired":true,"valueName":"search_term_string"}}],"inLanguage":"en-US"},{"@type":"Organization","@id":"https:\/\/www.zweite-aufklaerung.at\/#organization","name":"Die Zweite Aufkl\u00e4rung","url":"https:\/\/www.zweite-aufklaerung.at\/","logo":{"@type":"ImageObject","inLanguage":"en-US","@id":"https:\/\/www.zweite-aufklaerung.at\/#\/schema\/logo\/image\/","url":"https:\/\/www.zweite-aufklaerung.at\/wp-content\/uploads\/2021\/03\/57398589_407999263358482_5793917810086248448_o.jpg","contentUrl":"https:\/\/www.zweite-aufklaerung.at\/wp-content\/uploads\/2021\/03\/57398589_407999263358482_5793917810086248448_o.jpg","width":1485,"height":1505,"caption":"Die Zweite Aufkl\u00e4rung"},"image":{"@id":"https:\/\/www.zweite-aufklaerung.at\/#\/schema\/logo\/image\/"},"sameAs":["https:\/\/www.facebook.com\/zweite.aufklarung"]}]}},"_links":{"self":[{"href":"https:\/\/www.zweite-aufklaerung.at\/index.php?rest_route=\/wp\/v2\/pages\/494","targetHints":{"allow":["GET"]}}],"collection":[{"href":"https:\/\/www.zweite-aufklaerung.at\/index.php?rest_route=\/wp\/v2\/pages"}],"about":[{"href":"https:\/\/www.zweite-aufklaerung.at\/index.php?rest_route=\/wp\/v2\/types\/page"}],"author":[{"embeddable":true,"href":"https:\/\/www.zweite-aufklaerung.at\/index.php?rest_route=\/wp\/v2\/users\/1"}],"replies":[{"embeddable":true,"href":"https:\/\/www.zweite-aufklaerung.at\/index.php?rest_route=%2Fwp%2Fv2%2Fcomments&post=494"}],"version-history":[{"count":11,"href":"https:\/\/www.zweite-aufklaerung.at\/index.php?rest_route=\/wp\/v2\/pages\/494\/revisions"}],"predecessor-version":[{"id":524,"href":"https:\/\/www.zweite-aufklaerung.at\/index.php?rest_route=\/wp\/v2\/pages\/494\/revisions\/524"}],"wp:attachment":[{"href":"https:\/\/www.zweite-aufklaerung.at\/index.php?rest_route=%2Fwp%2Fv2%2Fmedia&parent=494"}],"curies":[{"name":"wp","href":"https:\/\/api.w.org\/{rel}","templated":true}]}}