{"id":343,"date":"2021-10-16T15:08:31","date_gmt":"2021-10-16T15:08:31","guid":{"rendered":"https:\/\/www.zweite-aufklaerung.at\/?page_id=343"},"modified":"2021-12-03T14:45:33","modified_gmt":"2021-12-03T14:45:33","slug":"porno-2","status":"publish","type":"page","link":"https:\/\/www.zweite-aufklaerung.at\/?page_id=343","title":{"rendered":"Porno"},"content":{"rendered":"\t\t<div data-elementor-type=\"wp-page\" data-elementor-id=\"343\" class=\"elementor elementor-343\" data-elementor-post-type=\"page\">\n\t\t\t\t\t\t<section class=\"elementor-section elementor-top-section elementor-element elementor-element-40b6409a elementor-section-height-min-height elementor-section-boxed elementor-section-height-default elementor-section-items-middle\" data-id=\"40b6409a\" data-element_type=\"section\" data-e-type=\"section\" data-settings=\"{&quot;background_background&quot;:&quot;classic&quot;}\">\n\t\t\t\t\t\t<div class=\"elementor-container elementor-column-gap-default\">\n\t\t\t\t\t<div class=\"elementor-column elementor-col-100 elementor-top-column elementor-element elementor-element-5dd96e6a\" data-id=\"5dd96e6a\" data-element_type=\"column\" data-e-type=\"column\">\n\t\t\t<div class=\"elementor-widget-wrap elementor-element-populated\">\n\t\t\t\t\t\t<div class=\"elementor-element elementor-element-dca9e00 elementor-widget elementor-widget-text-editor\" data-id=\"dca9e00\" data-element_type=\"widget\" data-e-type=\"widget\" data-widget_type=\"text-editor.default\">\n\t\t\t\t<div class=\"elementor-widget-container\">\n\t\t\t\t\t\t\t\t\t<p>Unser Workshop zu<\/p>\t\t\t\t\t\t\t\t<\/div>\n\t\t\t\t<\/div>\n\t\t\t\t<div class=\"elementor-element elementor-element-97c95bd elementor-widget elementor-widget-heading\" data-id=\"97c95bd\" data-element_type=\"widget\" data-e-type=\"widget\" data-settings=\"{&quot;_animation&quot;:&quot;none&quot;}\" data-widget_type=\"heading.default\">\n\t\t\t\t<div class=\"elementor-widget-container\">\n\t\t\t\t\t<h1 class=\"elementor-heading-title elementor-size-default\">Porno*<\/h1>\t\t\t\t<\/div>\n\t\t\t\t<\/div>\n\t\t\t\t<div class=\"elementor-element elementor-element-517ce0b8 elementor-widget elementor-widget-spacer\" data-id=\"517ce0b8\" data-element_type=\"widget\" data-e-type=\"widget\" data-widget_type=\"spacer.default\">\n\t\t\t\t<div class=\"elementor-widget-container\">\n\t\t\t\t\t\t\t<div class=\"elementor-spacer\">\n\t\t\t<div class=\"elementor-spacer-inner\"><\/div>\n\t\t<\/div>\n\t\t\t\t\t\t<\/div>\n\t\t\t\t<\/div>\n\t\t\t\t<div class=\"elementor-element elementor-element-dd15173 elementor-widget elementor-widget-text-editor\" data-id=\"dd15173\" data-element_type=\"widget\" data-e-type=\"widget\" data-widget_type=\"text-editor.default\">\n\t\t\t\t<div class=\"elementor-widget-container\">\n\t\t\t\t\t\t\t\t\t<div><span dir=\"auto\">Wir\n fragen uns gemeinsam: Wie stehen Porno und Realit\u00e4t zueinander? Wie ist\n meine eigene Sexualit\u00e4t durch Pornografie beeinflusst? Was gibt es f\u00fcr \nAlternativen neben mainstreamPorno und wo finde ich sie? Was ist Audioporn? und vieles mehr.<br><\/span><\/div>\n<div>&nbsp;<\/div>\n<div>\/\/ Was?<\/div>\n<div>Ein Workshop (ca. 2,5 Stunden) zum Thema Pornographie. Neben Input und Diskussion gibt es Zeit zur Selbstreflexion. Der Workshop ist interaktiv gestaltet, Mitmachen ist jederzeit freiwillig!<\/div>\n<div>&nbsp;<\/div>\n<div>\/\/ F\u00fcr wen?<br>Alle, die Interesse haben.<\/div>\t\t\t\t\t\t\t\t<\/div>\n\t\t\t\t<\/div>\n\t\t\t\t\t<\/div>\n\t\t<\/div>\n\t\t\t\t\t<\/div>\n\t\t<\/section>\n\t\t\t\t<\/div>\n\t\t","protected":false},"excerpt":{"rendered":"<p>Unser Workshop zu Porno* Wir fragen uns gemeinsam: Wie stehen Porno und Realit\u00e4t zueinander? Wie ist meine eigene Sexualit\u00e4t durch Pornografie beeinflusst? Was gibt es f\u00fcr Alternativen neben mainstreamPorno und wo finde ich sie? Was ist Audioporn? und vieles mehr. &nbsp; \/\/ Was? Ein Workshop (ca. 2,5 Stunden) zum Thema Pornographie. Neben Input und Diskussion [&hellip;]<\/p>\n","protected":false},"author":1,"featured_media":0,"parent":0,"menu_order":0,"comment_status":"closed","ping_status":"closed","template":"","meta":{"_mo_disable_npp":"","footnotes":""},"class_list":["post-343","page","type-page","status-publish","hentry"],"yoast_head":"<!-- This site is optimized with the Yoast SEO plugin v26.8 - https:\/\/yoast.com\/product\/yoast-seo-wordpress\/ -->\n<title>Porno - zweite aufkl\u00e4rung<\/title>\n<meta name=\"robots\" content=\"index, follow, max-snippet:-1, max-image-preview:large, max-video-preview:-1\" \/>\n<link rel=\"canonical\" href=\"https:\/\/www.zweite-aufklaerung.at\/?page_id=343\" \/>\n<meta property=\"og:locale\" content=\"en_US\" \/>\n<meta property=\"og:type\" content=\"article\" \/>\n<meta property=\"og:title\" content=\"Porno - zweite aufkl\u00e4rung\" \/>\n<meta property=\"og:description\" content=\"Unser Workshop zu Porno* Wir fragen uns gemeinsam: Wie stehen Porno und Realit\u00e4t zueinander? Wie ist meine eigene Sexualit\u00e4t durch Pornografie beeinflusst? Was gibt es f\u00fcr Alternativen neben mainstreamPorno und wo finde ich sie? Was ist Audioporn? und vieles mehr. &nbsp; \/\/ Was? Ein Workshop (ca. 2,5 Stunden) zum Thema Pornographie. Neben Input und Diskussion [&hellip;]\" \/>\n<meta property=\"og:url\" content=\"https:\/\/www.zweite-aufklaerung.at\/?page_id=343\" \/>\n<meta property=\"og:site_name\" content=\"zweite aufkl\u00e4rung\" \/>\n<meta property=\"article:publisher\" content=\"https:\/\/www.facebook.com\/zweite.aufklarung\" \/>\n<meta property=\"article:modified_time\" content=\"2021-12-03T14:45:33+00:00\" \/>\n<meta property=\"og:image\" content=\"https:\/\/www.zweite-aufklaerung.at\/wp-content\/uploads\/2021\/03\/57398589_407999263358482_5793917810086248448_o.jpg\" \/>\n\t<meta property=\"og:image:width\" content=\"1485\" \/>\n\t<meta property=\"og:image:height\" content=\"1505\" \/>\n\t<meta property=\"og:image:type\" content=\"image\/jpeg\" \/>\n<meta name=\"twitter:card\" content=\"summary_large_image\" \/>\n<meta name=\"twitter:label1\" content=\"Est. reading time\" \/>\n\t<meta name=\"twitter:data1\" content=\"1 minute\" \/>\n<script type=\"application\/ld+json\" class=\"yoast-schema-graph\">{\"@context\":\"https:\/\/schema.org\",\"@graph\":[{\"@type\":\"WebPage\",\"@id\":\"https:\/\/www.zweite-aufklaerung.at\/?page_id=343\",\"url\":\"https:\/\/www.zweite-aufklaerung.at\/?page_id=343\",\"name\":\"Porno - zweite aufkl\u00e4rung\",\"isPartOf\":{\"@id\":\"https:\/\/www.zweite-aufklaerung.at\/#website\"},\"datePublished\":\"2021-10-16T15:08:31+00:00\",\"dateModified\":\"2021-12-03T14:45:33+00:00\",\"breadcrumb\":{\"@id\":\"https:\/\/www.zweite-aufklaerung.at\/?page_id=343#breadcrumb\"},\"inLanguage\":\"en-US\",\"potentialAction\":[{\"@type\":\"ReadAction\",\"target\":[\"https:\/\/www.zweite-aufklaerung.at\/?page_id=343\"]}]},{\"@type\":\"BreadcrumbList\",\"@id\":\"https:\/\/www.zweite-aufklaerung.at\/?page_id=343#breadcrumb\",\"itemListElement\":[{\"@type\":\"ListItem\",\"position\":1,\"name\":\"Home\",\"item\":\"https:\/\/www.zweite-aufklaerung.at\/\"},{\"@type\":\"ListItem\",\"position\":2,\"name\":\"Porno\"}]},{\"@type\":\"WebSite\",\"@id\":\"https:\/\/www.zweite-aufklaerung.at\/#website\",\"url\":\"https:\/\/www.zweite-aufklaerung.at\/\",\"name\":\"zweite aufkl\u00e4rung\",\"description\":\"Verein f\u00fcr sexuelle Bildung\",\"publisher\":{\"@id\":\"https:\/\/www.zweite-aufklaerung.at\/#organization\"},\"potentialAction\":[{\"@type\":\"SearchAction\",\"target\":{\"@type\":\"EntryPoint\",\"urlTemplate\":\"https:\/\/www.zweite-aufklaerung.at\/?s={search_term_string}\"},\"query-input\":{\"@type\":\"PropertyValueSpecification\",\"valueRequired\":true,\"valueName\":\"search_term_string\"}}],\"inLanguage\":\"en-US\"},{\"@type\":\"Organization\",\"@id\":\"https:\/\/www.zweite-aufklaerung.at\/#organization\",\"name\":\"Die Zweite Aufkl\u00e4rung\",\"url\":\"https:\/\/www.zweite-aufklaerung.at\/\",\"logo\":{\"@type\":\"ImageObject\",\"inLanguage\":\"en-US\",\"@id\":\"https:\/\/www.zweite-aufklaerung.at\/#\/schema\/logo\/image\/\",\"url\":\"https:\/\/www.zweite-aufklaerung.at\/wp-content\/uploads\/2021\/03\/57398589_407999263358482_5793917810086248448_o.jpg\",\"contentUrl\":\"https:\/\/www.zweite-aufklaerung.at\/wp-content\/uploads\/2021\/03\/57398589_407999263358482_5793917810086248448_o.jpg\",\"width\":1485,\"height\":1505,\"caption\":\"Die Zweite Aufkl\u00e4rung\"},\"image\":{\"@id\":\"https:\/\/www.zweite-aufklaerung.at\/#\/schema\/logo\/image\/\"},\"sameAs\":[\"https:\/\/www.facebook.com\/zweite.aufklarung\"]}]}<\/script>\n<!-- \/ Yoast SEO plugin. -->","yoast_head_json":{"title":"Porno - zweite aufkl\u00e4rung","robots":{"index":"index","follow":"follow","max-snippet":"max-snippet:-1","max-image-preview":"max-image-preview:large","max-video-preview":"max-video-preview:-1"},"canonical":"https:\/\/www.zweite-aufklaerung.at\/?page_id=343","og_locale":"en_US","og_type":"article","og_title":"Porno - zweite aufkl\u00e4rung","og_description":"Unser Workshop zu Porno* Wir fragen uns gemeinsam: Wie stehen Porno und Realit\u00e4t zueinander? Wie ist meine eigene Sexualit\u00e4t durch Pornografie beeinflusst? Was gibt es f\u00fcr Alternativen neben mainstreamPorno und wo finde ich sie? Was ist Audioporn? und vieles mehr. &nbsp; \/\/ Was? Ein Workshop (ca. 2,5 Stunden) zum Thema Pornographie. Neben Input und Diskussion [&hellip;]","og_url":"https:\/\/www.zweite-aufklaerung.at\/?page_id=343","og_site_name":"zweite aufkl\u00e4rung","article_publisher":"https:\/\/www.facebook.com\/zweite.aufklarung","article_modified_time":"2021-12-03T14:45:33+00:00","og_image":[{"width":1485,"height":1505,"url":"https:\/\/www.zweite-aufklaerung.at\/wp-content\/uploads\/2021\/03\/57398589_407999263358482_5793917810086248448_o.jpg","type":"image\/jpeg"}],"twitter_card":"summary_large_image","twitter_misc":{"Est. reading time":"1 minute"},"schema":{"@context":"https:\/\/schema.org","@graph":[{"@type":"WebPage","@id":"https:\/\/www.zweite-aufklaerung.at\/?page_id=343","url":"https:\/\/www.zweite-aufklaerung.at\/?page_id=343","name":"Porno - zweite aufkl\u00e4rung","isPartOf":{"@id":"https:\/\/www.zweite-aufklaerung.at\/#website"},"datePublished":"2021-10-16T15:08:31+00:00","dateModified":"2021-12-03T14:45:33+00:00","breadcrumb":{"@id":"https:\/\/www.zweite-aufklaerung.at\/?page_id=343#breadcrumb"},"inLanguage":"en-US","potentialAction":[{"@type":"ReadAction","target":["https:\/\/www.zweite-aufklaerung.at\/?page_id=343"]}]},{"@type":"BreadcrumbList","@id":"https:\/\/www.zweite-aufklaerung.at\/?page_id=343#breadcrumb","itemListElement":[{"@type":"ListItem","position":1,"name":"Home","item":"https:\/\/www.zweite-aufklaerung.at\/"},{"@type":"ListItem","position":2,"name":"Porno"}]},{"@type":"WebSite","@id":"https:\/\/www.zweite-aufklaerung.at\/#website","url":"https:\/\/www.zweite-aufklaerung.at\/","name":"zweite aufkl\u00e4rung","description":"Verein f\u00fcr sexuelle Bildung","publisher":{"@id":"https:\/\/www.zweite-aufklaerung.at\/#organization"},"potentialAction":[{"@type":"SearchAction","target":{"@type":"EntryPoint","urlTemplate":"https:\/\/www.zweite-aufklaerung.at\/?s={search_term_string}"},"query-input":{"@type":"PropertyValueSpecification","valueRequired":true,"valueName":"search_term_string"}}],"inLanguage":"en-US"},{"@type":"Organization","@id":"https:\/\/www.zweite-aufklaerung.at\/#organization","name":"Die Zweite Aufkl\u00e4rung","url":"https:\/\/www.zweite-aufklaerung.at\/","logo":{"@type":"ImageObject","inLanguage":"en-US","@id":"https:\/\/www.zweite-aufklaerung.at\/#\/schema\/logo\/image\/","url":"https:\/\/www.zweite-aufklaerung.at\/wp-content\/uploads\/2021\/03\/57398589_407999263358482_5793917810086248448_o.jpg","contentUrl":"https:\/\/www.zweite-aufklaerung.at\/wp-content\/uploads\/2021\/03\/57398589_407999263358482_5793917810086248448_o.jpg","width":1485,"height":1505,"caption":"Die Zweite Aufkl\u00e4rung"},"image":{"@id":"https:\/\/www.zweite-aufklaerung.at\/#\/schema\/logo\/image\/"},"sameAs":["https:\/\/www.facebook.com\/zweite.aufklarung"]}]}},"_links":{"self":[{"href":"https:\/\/www.zweite-aufklaerung.at\/index.php?rest_route=\/wp\/v2\/pages\/343","targetHints":{"allow":["GET"]}}],"collection":[{"href":"https:\/\/www.zweite-aufklaerung.at\/index.php?rest_route=\/wp\/v2\/pages"}],"about":[{"href":"https:\/\/www.zweite-aufklaerung.at\/index.php?rest_route=\/wp\/v2\/types\/page"}],"author":[{"embeddable":true,"href":"https:\/\/www.zweite-aufklaerung.at\/index.php?rest_route=\/wp\/v2\/users\/1"}],"replies":[{"embeddable":true,"href":"https:\/\/www.zweite-aufklaerung.at\/index.php?rest_route=%2Fwp%2Fv2%2Fcomments&post=343"}],"version-history":[{"count":7,"href":"https:\/\/www.zweite-aufklaerung.at\/index.php?rest_route=\/wp\/v2\/pages\/343\/revisions"}],"predecessor-version":[{"id":409,"href":"https:\/\/www.zweite-aufklaerung.at\/index.php?rest_route=\/wp\/v2\/pages\/343\/revisions\/409"}],"wp:attachment":[{"href":"https:\/\/www.zweite-aufklaerung.at\/index.php?rest_route=%2Fwp%2Fv2%2Fmedia&parent=343"}],"curies":[{"name":"wp","href":"https:\/\/api.w.org\/{rel}","templated":true}]}}